{"id":396,"date":"2025-05-17T11:23:01","date_gmt":"2025-05-17T09:23:01","guid":{"rendered":"http:\/\/arianecross.com\/?page_id=396"},"modified":"2025-05-25T19:50:07","modified_gmt":"2025-05-25T17:50:07","slug":"visites","status":"publish","type":"page","link":"https:\/\/arianecross.com\/?page_id=396","title":{"rendered":"Visites"},"content":{"rendered":"<div data-colibri-id=\"396-c1\" class=\"style-654 style-local-396-c1 position-relative\">\n  <!---->\n  <div data-colibri-component=\"section\" data-colibri-id=\"396-c2\" id=\"about\" class=\"h-section h-section-global-spacing d-flex align-items-lg-center align-items-md-center align-items-center style-655 style-local-396-c2 position-relative\">\n    <!---->\n    <!---->\n    <div class=\"h-section-grid-container h-section-boxed-container\">\n      <div data-colibri-id=\"396-c7\" class=\"h-row-container gutters-row-lg-2 gutters-row-md-2 gutters-row-2 gutters-row-v-lg-2 gutters-row-v-md-2 gutters-row-v-2 style-660 style-local-396-c7 position-relative\">\n        <!---->\n        <div class=\"h-row justify-content-lg-center justify-content-md-center justify-content-center align-items-lg-stretch align-items-md-stretch align-items-stretch gutters-col-lg-2 gutters-col-md-2 gutters-col-2 gutters-col-v-lg-2 gutters-col-v-md-2 gutters-col-v-2\">\n          <!---->\n          <div class=\"h-column h-column-container d-flex h-col-lg-auto h-col-md-auto h-col-auto style-661-outer style-local-396-c8-outer\">\n            <div data-colibri-id=\"396-c8\" class=\"d-flex h-flex-basis h-column__inner h-px-lg-2 h-px-md-2 h-px-2 v-inner-lg-2 v-inner-md-2 v-inner-2 style-661 style-local-396-c8 position-relative\">\n              <!---->\n              <!---->\n              <div class=\"w-100 h-y-container h-column__content h-column__v-align flex-basis-100 align-self-lg-start align-self-md-start align-self-start\">\n                <!---->\n                <div data-colibri-id=\"396-c9\" class=\"h-global-transition-all h-heading style-662 style-local-396-c9 position-relative h-element\">\n                  <!---->\n                  <div class=\"h-heading__outer style-662 style-local-396-c9\">\n                    <!---->\n                    <!---->\n                    <a href=\"https:\/\/www.musee-automobile.fr\/\" h-use-smooth-scroll=\"true\">\n                      <h2 class=\"\">Mus\u00e9e National de l&#8217;Automobile<\/h2>\n                    <\/a>\n                  <\/div>\n                <\/div>\n                <div data-colibri-id=\"396-c10\" class=\"h-global-transition-all h-heading style-663 style-local-396-c10 position-relative h-element\">\n                  <!---->\n                  <div class=\"h-heading__outer style-663 style-local-396-c10\">\n                    <!---->\n                    <!---->\n                    <h4 class=\"\">Visit the&nbsp;<em style=\"color: rgb(3, 169, 244); font-family: &quot;Playfair Display&quot;;\">great<\/em> car collection of one of&nbsp;<em style=\"color: rgb(3, 169, 244); font-family: &quot;Playfair Display&quot;;\">finest<\/em> Mulhouse\n                      museum<\/h4>\n                  <\/div>\n                <\/div>\n                <div data-colibri-id=\"396-c11\" class=\"h-lead h-text h-text-component style-664 style-local-396-c11 position-relative h-element\">\n                  <!---->\n                  <!---->\n                  <div class=\"\">\n                    <p>The <strong>Mus\u00e9e National de l&#8217;Automobile<\/strong>, also known as the <strong>Cit\u00e9 de l&#8217;Automobile<\/strong>, is one of the world&#8217;s most impressive car museums, located in Mulhouse, France. It houses the <strong>largest collection of Bugatti vehicles<\/strong>                      and features over <strong>450 exceptional cars<\/strong>, making it a paradise for automobile enthusiasts.<\/p>\n                    <p>Founded around the <strong>Schlumpf Collection<\/strong>, the museum showcases a fascinating journey through automotive history, from early models to modern classics. Visitors can admire legendary cars like the <strong>Bugatti Royale<\/strong>,\n                      vintage Rolls-Royces, and iconic racing vehicles.<\/p>\n                    <p>Beyond the exhibits, the museum offers interactive experiences, including <strong>virtual reality animations<\/strong> and special exhibitions like <em>Driving with Tintin<\/em>. Whether you&#8217;re a car lover or simply curious about automotive\n                      heritage, this museum is a must-visit destination.<\/p>\n                  <\/div>\n                <\/div>\n              <\/div>\n            <\/div>\n          <\/div>\n        <\/div>\n      <\/div>\n      <div data-colibri-id=\"396-c12\" class=\"h-row-container gutters-row-lg-0 gutters-row-md-0 gutters-row-0 gutters-row-v-lg-0 gutters-row-v-md-0 gutters-row-v-0 style-667 style-local-396-c12 position-relative\">\n        <!---->\n        <div class=\"h-row justify-content-lg-center justify-content-md-center justify-content-center align-items-lg-stretch align-items-md-stretch align-items-stretch gutters-col-lg-0 gutters-col-md-0 gutters-col-0 gutters-col-v-lg-0 gutters-col-v-md-0 gutters-col-v-0\">\n          <!---->\n          <div class=\"h-column h-column-container d-flex h-col-lg-auto h-col-md-auto h-col-auto style-668-outer style-local-396-c13-outer\">\n            <div data-colibri-id=\"396-c13\" class=\"d-flex h-flex-basis h-column__inner h-px-lg-0 h-px-md-0 h-px-0 v-inner-lg-0 v-inner-md-0 v-inner-0 style-668 style-local-396-c13 position-relative\">\n              <!---->\n              <!---->\n              <div class=\"w-100 h-y-container h-column__content h-column__v-align flex-basis-100 align-self-lg-start align-self-md-start align-self-start\">\n                <!---->\n                <div data-colibri-id=\"396-c14\" class=\"d-block style-670 style-local-396-c14 position-relative h-element\">\n                  <!---->\n                  <div class=\"h-image__frame-container-outer\">\n                    <div class=\"h-image__frame-container\">\n                      <!---->\n                      <!---->\n                      <img loading=\"lazy\" decoding=\"async\" width=\"750\" height=\"400\" src=\"http:\/\/arianecross.com\/wp-content\/uploads\/2025\/05\/musee-national-de-lautomobile-de-mulhouse-logo.jpg\" class=\"wp-image-600 style-670-image style-local-396-c14-image\" alt=\"\" srcset=\"https:\/\/arianecross.com\/wp-content\/uploads\/2025\/05\/musee-national-de-lautomobile-de-mulhouse-logo.jpg 750w, https:\/\/arianecross.com\/wp-content\/uploads\/2025\/05\/musee-national-de-lautomobile-de-mulhouse-logo-300x160.jpg 300w\" sizes=\"auto, (max-width: 750px) 100vw, 750px\" \/>\n                      <div class=\"h-image__frame h-hide-lg h-hide-md h-hide-sm style-670-frameImage style-local-396-c14-frameImage\"><\/div>\n                    <\/div>\n                  <\/div>\n                <\/div>\n              <\/div>\n            <\/div>\n          <\/div>\n        <\/div>\n      <\/div>\n      <div data-colibri-id=\"396-c3\" class=\"h-row-container gutters-row-lg-0 gutters-row-md-0 gutters-row-0 gutters-row-v-lg-0 gutters-row-v-md-0 gutters-row-v-0 style-656 style-local-396-c3 h-overflow-hidden position-relative\">\n        <!---->\n        <div class=\"h-row justify-content-lg-center justify-content-md-center justify-content-center align-items-lg-end align-items-md-end align-items-end gutters-col-lg-0 gutters-col-md-0 gutters-col-0 gutters-col-v-lg-0 gutters-col-v-md-0 gutters-col-v-0\">\n          <!---->\n          <div class=\"h-column h-column-container d-flex h-col-lg-auto h-col-md-auto h-col-auto align-self-lg-end align-self-md-end align-self-end style-657-outer style-local-396-c4-outer\">\n            <div data-colibri-id=\"396-c4\" class=\"d-flex h-flex-basis h-column__inner h-ui-empty-state-container h-px-lg-0 h-px-md-0 h-px-0 v-inner-lg-0 v-inner-md-0 v-inner-0 style-657 style-local-396-c4 position-relative\">\n              <!---->\n              <!---->\n              <div class=\"w-100 h-y-container h-column__content h-column__v-align flex-basis-100\">\n                <!---->\n              <\/div>\n            <\/div>\n          <\/div>\n          <div class=\"h-column h-column-container d-flex h-col-lg-auto h-col-md-auto h-col-auto align-self-lg-end align-self-md-end align-self-end style-658-outer style-local-396-c5-outer\">\n            <div data-colibri-id=\"396-c5\" class=\"d-flex h-flex-basis h-column__inner h-ui-empty-state-container h-px-lg-0 h-px-md-0 h-px-0 v-inner-lg-0 v-inner-md-0 v-inner-0 style-658 style-local-396-c5 position-relative\">\n              <!---->\n              <!---->\n              <div class=\"w-100 h-y-container h-column__content h-column__v-align flex-basis-100\">\n                <!---->\n              <\/div>\n            <\/div>\n          <\/div>\n          <div class=\"h-column h-column-container d-flex h-col-lg-auto h-col-md-auto h-col-auto align-self-lg-end align-self-md-end align-self-end style-659-outer style-local-396-c6-outer\">\n            <div data-colibri-id=\"396-c6\" class=\"d-flex h-flex-basis h-column__inner h-ui-empty-state-container h-px-lg-0 h-px-md-0 h-px-0 v-inner-lg-0 v-inner-md-0 v-inner-0 style-659 style-local-396-c6 position-relative\">\n              <!---->\n              <!---->\n              <div class=\"w-100 h-y-container h-column__content h-column__v-align flex-basis-100\">\n                <!---->\n              <\/div>\n            <\/div>\n          <\/div>\n        <\/div>\n      <\/div>\n    <\/div>\n  <\/div>\n  <div data-colibri-component=\"section\" data-colibri-id=\"396-c15\" id=\"about-2\" class=\"h-section h-section-global-spacing d-flex align-items-lg-center align-items-md-center align-items-center style-742 style-local-396-c15 position-relative\">\n    <!---->\n    <!---->\n    <div class=\"h-section-grid-container h-section-boxed-container\">\n      <div data-colibri-id=\"396-c20\" class=\"h-row-container gutters-row-lg-2 gutters-row-md-2 gutters-row-2 gutters-row-v-lg-2 gutters-row-v-md-2 gutters-row-v-2 style-747 style-local-396-c20 position-relative\">\n        <!---->\n        <div class=\"h-row justify-content-lg-center justify-content-md-center justify-content-center align-items-lg-stretch align-items-md-stretch align-items-stretch gutters-col-lg-2 gutters-col-md-2 gutters-col-2 gutters-col-v-lg-2 gutters-col-v-md-2 gutters-col-v-2\">\n          <!---->\n          <div class=\"h-column h-column-container d-flex h-col-lg-auto h-col-md-auto h-col-auto style-748-outer style-local-396-c21-outer\">\n            <div data-colibri-id=\"396-c21\" class=\"d-flex h-flex-basis h-column__inner h-px-lg-2 h-px-md-2 h-px-2 v-inner-lg-2 v-inner-md-2 v-inner-2 style-748 style-local-396-c21 position-relative\">\n              <!---->\n              <!---->\n              <div class=\"w-100 h-y-container h-column__content h-column__v-align flex-basis-100 align-self-lg-start align-self-md-start align-self-start\">\n                <!---->\n                <div data-colibri-id=\"396-c22\" class=\"h-global-transition-all h-heading style-749 style-local-396-c22 position-relative h-element\">\n                  <!---->\n                  <div class=\"h-heading__outer style-749 style-local-396-c22\">\n                    <!---->\n                    <!---->\n                    <h2 class=\"\">Cit\u00e9 du train<\/h2>\n                  <\/div>\n                <\/div>\n                <div data-colibri-id=\"396-c23\" class=\"h-global-transition-all h-heading style-750 style-local-396-c23 position-relative h-element\">\n                  <!---->\n                  <div class=\"h-heading__outer style-750 style-local-396-c23\">\n                    <!---->\n                    <!---->\n                    <h4 class=\"\">Discover one of the best <em style=\"font-family: &quot;Playfair Display&quot;; color: rgb(3, 169, 244);\">collection<\/em> of trains and locomotives in a stunning&nbsp;<em style=\"font-family: &quot;Playfair Display&quot;; color: rgb(3, 169, 244);\">exposition<\/em><\/h4>\n                  <\/div>\n                <\/div>\n                <div data-colibri-id=\"396-c24\" class=\"h-lead h-text h-text-component style-751 style-local-396-c24 position-relative h-element\">\n                  <!---->\n                  <!---->\n                  <div class=\"\">\n                    <p>Step into the fascinating world of rail history at the <strong>Cit\u00e9 du Train<\/strong>, Europe\u2019s largest railway museum! Located in Mulhouse, this extraordinary museum takes you on a journey through time, showcasing the evolution of\n                      trains from the earliest steam locomotives to the high-speed TGV.<\/p>\n                    <p>Spread across <strong>60,000 square meters<\/strong>, the museum offers immersive exhibits, stunning vintage carriages, and interactive displays that bring railway heritage to life. Marvel at the luxurious <strong>Orient Express<\/strong>,\n                      explore historic locomotives, and witness the technological advancements that shaped modern travel.<\/p>\n                    <p>Whether you&#8217;re a railway enthusiast or simply curious, the <strong>Cit\u00e9 du Train<\/strong> promises an unforgettable experience filled with nostalgia, innovation, and adventure. Perfect for families, history buffs, and dreamers alike\u2014come\n                      aboard and let the magic of the rails transport you!<\/p>\n                  <\/div>\n                <\/div>\n              <\/div>\n            <\/div>\n          <\/div>\n        <\/div>\n      <\/div>\n      <div data-colibri-id=\"396-c27\" class=\"h-row-container gutters-row-lg-2 gutters-row-md-2 gutters-row-0 gutters-row-v-lg-2 gutters-row-v-md-2 gutters-row-v-2 style-754 style-local-396-c27 position-relative\">\n        <!---->\n        <div class=\"h-row justify-content-lg-center justify-content-md-center justify-content-center align-items-lg-stretch align-items-md-stretch align-items-stretch gutters-col-lg-2 gutters-col-md-2 gutters-col-0 gutters-col-v-lg-2 gutters-col-v-md-2 gutters-col-v-2\">\n          <!---->\n          <div class=\"h-column h-column-container d-flex h-col-lg-auto h-col-md-auto h-col-auto style-755-outer style-local-396-c28-outer\">\n            <div data-colibri-id=\"396-c28\" class=\"d-flex h-flex-basis h-column__inner h-px-lg-2 h-px-md-2 h-px-2 v-inner-lg-2 v-inner-md-2 v-inner-2 style-755 style-local-396-c28 position-relative\">\n              <!---->\n              <!---->\n              <div class=\"w-100 h-y-container h-column__content h-column__v-align flex-basis-100 align-self-lg-start align-self-md-start align-self-start\">\n                <!---->\n                <div data-colibri-id=\"396-c30\" class=\"d-block style-757 style-local-396-c30 position-relative h-element\">\n                  <!---->\n                  <div class=\"h-image__frame-container-outer\">\n                    <div class=\"h-image__frame-container\">\n                      <!---->\n                      <!---->\n                      <img loading=\"lazy\" decoding=\"async\" width=\"436\" height=\"172\" src=\"http:\/\/arianecross.com\/wp-content\/uploads\/2025\/05\/Capture-decran-2025-05-25-193145.jpg\" class=\"wp-image-834 style-757-image style-local-396-c30-image\" alt=\"\" srcset=\"https:\/\/arianecross.com\/wp-content\/uploads\/2025\/05\/Capture-decran-2025-05-25-193145.jpg 436w, https:\/\/arianecross.com\/wp-content\/uploads\/2025\/05\/Capture-decran-2025-05-25-193145-300x118.jpg 300w\" sizes=\"auto, (max-width: 436px) 100vw, 436px\" \/>\n                      <div class=\"h-image__frame h-hide-lg h-hide-md h-hide-sm style-757-frameImage style-local-396-c30-frameImage\"><\/div>\n                    <\/div>\n                  <\/div>\n                <\/div>\n              <\/div>\n            <\/div>\n          <\/div>\n        <\/div>\n      <\/div>\n      <div data-colibri-id=\"396-c16\" class=\"h-row-container gutters-row-lg-0 gutters-row-md-0 gutters-row-0 gutters-row-v-lg-0 gutters-row-v-md-0 gutters-row-v-0 style-743 style-local-396-c16 h-overflow-hidden position-relative\">\n        <!---->\n        <div class=\"h-row justify-content-lg-center justify-content-md-center justify-content-center align-items-lg-end align-items-md-end align-items-end gutters-col-lg-0 gutters-col-md-0 gutters-col-0 gutters-col-v-lg-0 gutters-col-v-md-0 gutters-col-v-0\">\n          <!---->\n          <div class=\"h-column h-column-container d-flex h-col-lg-auto h-col-md-auto h-col-auto align-self-lg-end align-self-md-end align-self-end style-744-outer style-local-396-c17-outer\">\n            <div data-colibri-id=\"396-c17\" class=\"d-flex h-flex-basis h-column__inner h-ui-empty-state-container h-px-lg-0 h-px-md-0 h-px-0 v-inner-lg-0 v-inner-md-0 v-inner-0 style-744 style-local-396-c17 position-relative\">\n              <!---->\n              <!---->\n              <div class=\"w-100 h-y-container h-column__content h-column__v-align flex-basis-100\">\n                <!---->\n              <\/div>\n            <\/div>\n          <\/div>\n          <div class=\"h-column h-column-container d-flex h-col-lg-auto h-col-md-auto h-col-auto align-self-lg-end align-self-md-end align-self-end style-745-outer style-local-396-c18-outer\">\n            <div data-colibri-id=\"396-c18\" class=\"d-flex h-flex-basis h-column__inner h-ui-empty-state-container h-px-lg-0 h-px-md-0 h-px-0 v-inner-lg-0 v-inner-md-0 v-inner-0 style-745 style-local-396-c18 position-relative\">\n              <!---->\n              <!---->\n              <div class=\"w-100 h-y-container h-column__content h-column__v-align flex-basis-100\">\n                <!---->\n              <\/div>\n            <\/div>\n          <\/div>\n          <div class=\"h-column h-column-container d-flex h-col-lg-auto h-col-md-auto h-col-auto align-self-lg-end align-self-md-end align-self-end style-746-outer style-local-396-c19-outer\">\n            <div data-colibri-id=\"396-c19\" class=\"d-flex h-flex-basis h-column__inner h-ui-empty-state-container h-px-lg-0 h-px-md-0 h-px-0 v-inner-lg-0 v-inner-md-0 v-inner-0 style-746 style-local-396-c19 position-relative\">\n              <!---->\n              <!---->\n              <div class=\"w-100 h-y-container h-column__content h-column__v-align flex-basis-100\">\n                <!---->\n              <\/div>\n            <\/div>\n          <\/div>\n        <\/div>\n      <\/div>\n    <\/div>\n  <\/div>\n<\/div>","protected":false},"excerpt":{"rendered":"<p>Mus\u00e9e National de l&#8217;Automobile Visit the&nbsp;great car collection of one of&nbsp;finest Mulhouse museum The Mus\u00e9e National de l&#8217;Automobile, also known as the Cit\u00e9 de l&#8217;Automobile, is one of the world&#8217;s most impressive car museums, located in Mulhouse, France. It houses the largest collection of Bugatti vehicles and features over 450 exceptional cars, making it a [&hellip;]<\/p>\n","protected":false},"author":1,"featured_media":0,"parent":0,"menu_order":0,"comment_status":"closed","ping_status":"closed","template":"page-templates\/full-width-page.php","meta":{"footnotes":""},"class_list":["post-396","page","type-page","status-publish","hentry"],"_links":{"self":[{"href":"https:\/\/arianecross.com\/index.php?rest_route=\/wp\/v2\/pages\/396","targetHints":{"allow":["GET"]}}],"collection":[{"href":"https:\/\/arianecross.com\/index.php?rest_route=\/wp\/v2\/pages"}],"about":[{"href":"https:\/\/arianecross.com\/index.php?rest_route=\/wp\/v2\/types\/page"}],"author":[{"embeddable":true,"href":"https:\/\/arianecross.com\/index.php?rest_route=\/wp\/v2\/users\/1"}],"replies":[{"embeddable":true,"href":"https:\/\/arianecross.com\/index.php?rest_route=%2Fwp%2Fv2%2Fcomments&post=396"}],"version-history":[{"count":6,"href":"https:\/\/arianecross.com\/index.php?rest_route=\/wp\/v2\/pages\/396\/revisions"}],"predecessor-version":[{"id":843,"href":"https:\/\/arianecross.com\/index.php?rest_route=\/wp\/v2\/pages\/396\/revisions\/843"}],"wp:attachment":[{"href":"https:\/\/arianecross.com\/index.php?rest_route=%2Fwp%2Fv2%2Fmedia&parent=396"}],"curies":[{"name":"wp","href":"https:\/\/api.w.org\/{rel}","templated":true}]}}